{"id":121,"date":"2026-03-23T23:00:15","date_gmt":"2026-03-23T20:00:15","guid":{"rendered":"https:\/\/uzmanlarkombiservisi.com\/?page_id=121"},"modified":"2026-03-24T19:15:27","modified_gmt":"2026-03-24T16:15:27","slug":"petek-temizligi","status":"publish","type":"page","link":"https:\/\/uzmanlarkombiservisi.com\/?page_id=121","title":{"rendered":"Petek Temizli\u011fi"},"content":{"rendered":"\t\t<div data-elementor-type=\"wp-page\" data-elementor-id=\"121\" class=\"elementor elementor-121\" data-elementor-post-type=\"page\">\n\t\t\t\t<div data-particle_enable=\"false\" data-particle-mobile-disabled=\"false\" class=\"elementor-element elementor-element-7835cd42 e-flex e-con-boxed e-con e-parent\" data-id=\"7835cd42\" data-element_type=\"container\" data-e-type=\"container\">\n\t\t\t\t\t<div class=\"e-con-inner\">\n\t\t\t\t<div class=\"elementor-element elementor-element-5c91d8c5 elementor-widget elementor-widget-text-editor\" data-id=\"5c91d8c5\" data-element_type=\"widget\" data-e-type=\"widget\" data-widget_type=\"text-editor.default\">\n\t\t\t\t\t\t\t\t\t\t\t\t\t\t\t\t\t<\/div>\n\t\t\t\t\t<\/div>\n\t\t\t\t<\/div>\n\t\t<div data-particle_enable=\"false\" data-particle-mobile-disabled=\"false\" class=\"elementor-element elementor-element-6c9d3ca e-flex e-con-boxed e-con e-parent\" data-id=\"6c9d3ca\" data-element_type=\"container\" data-e-type=\"container\">\n\t\t\t\t\t<div class=\"e-con-inner\">\n\t\t\t\t<div class=\"elementor-element elementor-element-8a204c0 elementor-widget elementor-widget-text-editor\" data-id=\"8a204c0\" data-element_type=\"widget\" data-e-type=\"widget\" data-widget_type=\"text-editor.default\">\n\t\t\t\t\t\t\t\t\t\t\t\t\t\t\t\t\t<\/div>\n\t\t\t\t\t<\/div>\n\t\t\t\t<\/div>\n\t\t<div data-particle_enable=\"false\" data-particle-mobile-disabled=\"false\" class=\"elementor-element elementor-element-8c1d04e e-flex e-con-boxed e-con e-parent\" data-id=\"8c1d04e\" data-element_type=\"container\" data-e-type=\"container\">\n\t\t\t\t\t<div class=\"e-con-inner\">\n\t\t\t\t<div class=\"elementor-element elementor-element-8c3fd8f elementor-widget elementor-widget-text-editor\" data-id=\"8c3fd8f\" data-element_type=\"widget\" data-e-type=\"widget\" data-widget_type=\"text-editor.default\">\n\t\t\t\t\t\t\t\t\t\t\t\t\t\t\t\t\t<\/div>\n\t\t\t\t\t<\/div>\n\t\t\t\t<\/div>\n\t\t\t\t<section data-particle_enable=\"false\" data-particle-mobile-disabled=\"false\" class=\"elementor-section elementor-top-section elementor-element elementor-element-22f5a7f elementor-section-content-middle elementor-section-boxed elementor-section-height-default elementor-section-height-default\" data-id=\"22f5a7f\" data-element_type=\"section\" data-e-type=\"section\" data-settings=\"{&quot;background_background&quot;:&quot;classic&quot;}\">\n\t\t\t\t\t\t<div class=\"elementor-container elementor-column-gap-default\">\n\t\t\t\t\t<div class=\"elementor-column elementor-col-50 elementor-top-column elementor-element elementor-element-6843700\" data-id=\"6843700\" data-element_type=\"column\" data-e-type=\"column\">\n\t\t\t<div class=\"elementor-widget-wrap elementor-element-populated\">\n\t\t\t\t\t\t<div class=\"elementor-element elementor-element-fde466d elementor-invisible elementor-widget elementor-widget-heading\" data-id=\"fde466d\" data-element_type=\"widget\" data-e-type=\"widget\" data-settings=\"{&quot;_animation&quot;:&quot;fadeInLeft&quot;}\" data-widget_type=\"heading.default\">\n\t\t\t\t\t<h1 class=\"elementor-heading-title elementor-size-default\">Petek Temizli\u011fi<\/h1>\t\t\t\t<\/div>\n\t\t\t\t<div class=\"elementor-element elementor-element-e7b0055 elementor-widget__width-initial elementor-invisible elementor-widget elementor-widget-text-editor\" data-id=\"e7b0055\" data-element_type=\"widget\" data-e-type=\"widget\" data-settings=\"{&quot;_animation&quot;:&quot;fadeInLeft&quot;}\" data-widget_type=\"text-editor.default\">\n\t\t\t\t\t\t\t\t\t<h2 data-path-to-node=\"2\"><b data-path-to-node=\"2\" data-index-in-node=\"0\">Is\u0131nma Performans\u0131n\u0131 Art\u0131ran Profesyonel Petek Temizli\u011fi<\/b><\/h2>\n<p data-path-to-node=\"3\">K\u0131\u015f aylar\u0131nda kombiniz y\u00fcksek derecede \u00e7al\u0131\u015fmas\u0131na ra\u011fmen eviniz yeterince \u0131s\u0131nm\u0131yorsa, bunun temel nedeni radyat\u00f6rler i\u00e7erisinde biriken tortulard\u0131r. Zamanla tesisat i\u00e7erisinde olu\u015fan \u00e7amur, kire\u00e7 ve pas tabakas\u0131, s\u0131cak suyun petek kanallar\u0131nda rahat\u00e7a dola\u015fmas\u0131n\u0131 engeller. <b data-path-to-node=\"3\" data-index-in-node=\"276\">Uzmanlar Teknik Servis<\/b> olarak, modern y\u0131kama cihazlar\u0131m\u0131zla ger\u00e7ekle\u015ftirdi\u011fimiz <b data-path-to-node=\"3\" data-index-in-node=\"356\">petek temizli\u011fi<\/b> i\u015flemi sayesinde, tesisat\u0131n\u0131zdaki t\u00fcm t\u0131kan\u0131kl\u0131klar\u0131 gideriyor ve \u0131s\u0131n\u0131n her noktaya e\u015fit da\u011f\u0131lmas\u0131n\u0131 sa\u011fl\u0131yoruz.<\/p>\t\t\t\t\t\t\t\t<\/div>\n\t\t\t\t\t<\/div>\n\t\t<\/div>\n\t\t\t\t<div class=\"elementor-column elementor-col-50 elementor-top-column elementor-element elementor-element-e38afc0\" data-id=\"e38afc0\" data-element_type=\"column\" data-e-type=\"column\">\n\t\t\t<div class=\"elementor-widget-wrap elementor-element-populated\">\n\t\t\t\t\t\t<div class=\"elementor-element elementor-element-6b03009 elementor-widget__width-initial elementor-absolute elementor-widget elementor-widget-image\" data-id=\"6b03009\" data-element_type=\"widget\" data-e-type=\"widget\" data-settings=\"{&quot;motion_fx_motion_fx_scrolling&quot;:&quot;yes&quot;,&quot;motion_fx_rotateZ_effect&quot;:&quot;yes&quot;,&quot;_position&quot;:&quot;absolute&quot;,&quot;motion_fx_rotateZ_speed&quot;:{&quot;unit&quot;:&quot;px&quot;,&quot;size&quot;:1,&quot;sizes&quot;:[]},&quot;motion_fx_rotateZ_affectedRange&quot;:{&quot;unit&quot;:&quot;%&quot;,&quot;size&quot;:&quot;&quot;,&quot;sizes&quot;:{&quot;start&quot;:0,&quot;end&quot;:100}},&quot;motion_fx_devices&quot;:[&quot;desktop&quot;,&quot;tablet&quot;,&quot;mobile&quot;]}\" data-widget_type=\"image.default\">\n\t\t\t\t\t\t\t\t\t\t\t\t\t\t\t<img fetchpriority=\"high\" decoding=\"async\" width=\"450\" height=\"450\" src=\"http:\/\/uzmanlarkombiservisi.com\/wp-content\/uploads\/2026\/03\/afe54f18-aervice-bg-1.png\" class=\"attachment-full size-full wp-image-137\" alt=\"\" srcset=\"http:\/\/uzmanlarkombiservisi.com\/wp-content\/uploads\/2026\/03\/afe54f18-aervice-bg-1.png 450w, http:\/\/uzmanlarkombiservisi.com\/wp-content\/uploads\/2026\/03\/afe54f18-aervice-bg-1-300x300.png 300w, http:\/\/uzmanlarkombiservisi.com\/wp-content\/uploads\/2026\/03\/afe54f18-aervice-bg-1-150x150.png 150w\" sizes=\"(max-width: 450px) 100vw, 450px\" \/>\t\t\t\t\t\t\t\t\t\t\t\t\t\t\t<\/div>\n\t\t\t\t<div class=\"elementor-element elementor-element-0662a0f elementor-invisible elementor-widget elementor-widget-image\" data-id=\"0662a0f\" data-element_type=\"widget\" data-e-type=\"widget\" data-settings=\"{&quot;_animation&quot;:&quot;fadeInRight&quot;}\" data-widget_type=\"image.default\">\n\t\t\t\t\t\t\t\t\t\t\t\t\t\t\t<img decoding=\"async\" width=\"1024\" height=\"1040\" src=\"http:\/\/uzmanlarkombiservisi.com\/wp-content\/uploads\/2026\/03\/pet1.jpg\" class=\"attachment-full size-full wp-image-174\" alt=\"\" srcset=\"http:\/\/uzmanlarkombiservisi.com\/wp-content\/uploads\/2026\/03\/pet1.jpg 1024w, http:\/\/uzmanlarkombiservisi.com\/wp-content\/uploads\/2026\/03\/pet1-295x300.jpg 295w, http:\/\/uzmanlarkombiservisi.com\/wp-content\/uploads\/2026\/03\/pet1-1008x1024.jpg 1008w, http:\/\/uzmanlarkombiservisi.com\/wp-content\/uploads\/2026\/03\/pet1-768x780.jpg 768w\" sizes=\"(max-width: 1024px) 100vw, 1024px\" \/>\t\t\t\t\t\t\t\t\t\t\t\t\t\t\t<\/div>\n\t\t\t\t\t<\/div>\n\t\t<\/div>\n\t\t\t\t\t<\/div>\n\t\t<\/section>\n\t\t\t\t<section data-particle_enable=\"false\" data-particle-mobile-disabled=\"false\" class=\"elementor-section elementor-top-section elementor-element elementor-element-229e071 elementor-section-content-middle elementor-section-boxed elementor-section-height-default elementor-section-height-default\" data-id=\"229e071\" data-element_type=\"section\" data-e-type=\"section\" data-settings=\"{&quot;background_background&quot;:&quot;classic&quot;}\">\n\t\t\t\t\t\t<div class=\"elementor-container elementor-column-gap-default\">\n\t\t\t\t\t<div class=\"elementor-column elementor-col-50 elementor-top-column elementor-element elementor-element-cc0bcfc\" data-id=\"cc0bcfc\" data-element_type=\"column\" data-e-type=\"column\">\n\t\t\t<div class=\"elementor-widget-wrap elementor-element-populated\">\n\t\t\t\t\t\t<div class=\"elementor-element elementor-element-a11f2da elementor-invisible elementor-widget elementor-widget-image\" data-id=\"a11f2da\" data-element_type=\"widget\" data-e-type=\"widget\" data-settings=\"{&quot;_animation&quot;:&quot;fadeInLeft&quot;}\" data-widget_type=\"image.default\">\n\t\t\t\t\t\t\t\t\t\t\t\t\t\t\t<img decoding=\"async\" width=\"1024\" height=\"1040\" src=\"http:\/\/uzmanlarkombiservisi.com\/wp-content\/uploads\/2026\/03\/pet1.jpg\" class=\"attachment-full size-full wp-image-174\" alt=\"\" srcset=\"http:\/\/uzmanlarkombiservisi.com\/wp-content\/uploads\/2026\/03\/pet1.jpg 1024w, http:\/\/uzmanlarkombiservisi.com\/wp-content\/uploads\/2026\/03\/pet1-295x300.jpg 295w, http:\/\/uzmanlarkombiservisi.com\/wp-content\/uploads\/2026\/03\/pet1-1008x1024.jpg 1008w, http:\/\/uzmanlarkombiservisi.com\/wp-content\/uploads\/2026\/03\/pet1-768x780.jpg 768w\" sizes=\"(max-width: 1024px) 100vw, 1024px\" \/>\t\t\t\t\t\t\t\t\t\t\t\t\t\t\t<\/div>\n\t\t\t\t<div class=\"elementor-element elementor-element-9b7b242 elementor-widget__width-initial elementor-absolute elementor-widget elementor-widget-image\" data-id=\"9b7b242\" data-element_type=\"widget\" data-e-type=\"widget\" data-settings=\"{&quot;motion_fx_motion_fx_scrolling&quot;:&quot;yes&quot;,&quot;motion_fx_rotateZ_effect&quot;:&quot;yes&quot;,&quot;motion_fx_rotateZ_direction&quot;:&quot;negative&quot;,&quot;_position&quot;:&quot;absolute&quot;,&quot;motion_fx_rotateZ_speed&quot;:{&quot;unit&quot;:&quot;px&quot;,&quot;size&quot;:1,&quot;sizes&quot;:[]},&quot;motion_fx_rotateZ_affectedRange&quot;:{&quot;unit&quot;:&quot;%&quot;,&quot;size&quot;:&quot;&quot;,&quot;sizes&quot;:{&quot;start&quot;:0,&quot;end&quot;:100}},&quot;motion_fx_devices&quot;:[&quot;desktop&quot;,&quot;tablet&quot;,&quot;mobile&quot;]}\" data-widget_type=\"image.default\">\n\t\t\t\t\t\t\t\t\t\t\t\t\t\t\t<img fetchpriority=\"high\" decoding=\"async\" width=\"450\" height=\"450\" src=\"http:\/\/uzmanlarkombiservisi.com\/wp-content\/uploads\/2026\/03\/afe54f18-aervice-bg-1.png\" class=\"attachment-full size-full wp-image-137\" alt=\"\" srcset=\"http:\/\/uzmanlarkombiservisi.com\/wp-content\/uploads\/2026\/03\/afe54f18-aervice-bg-1.png 450w, http:\/\/uzmanlarkombiservisi.com\/wp-content\/uploads\/2026\/03\/afe54f18-aervice-bg-1-300x300.png 300w, http:\/\/uzmanlarkombiservisi.com\/wp-content\/uploads\/2026\/03\/afe54f18-aervice-bg-1-150x150.png 150w\" sizes=\"(max-width: 450px) 100vw, 450px\" \/>\t\t\t\t\t\t\t\t\t\t\t\t\t\t\t<\/div>\n\t\t\t\t\t<\/div>\n\t\t<\/div>\n\t\t\t\t<div class=\"elementor-column elementor-col-50 elementor-top-column elementor-element elementor-element-4103f09\" data-id=\"4103f09\" data-element_type=\"column\" data-e-type=\"column\">\n\t\t\t<div class=\"elementor-widget-wrap elementor-element-populated\">\n\t\t\t\t\t\t<div class=\"elementor-element elementor-element-0de1fd1 elementor-invisible elementor-widget elementor-widget-text-editor\" data-id=\"0de1fd1\" data-element_type=\"widget\" data-e-type=\"widget\" data-settings=\"{&quot;_animation&quot;:&quot;fadeInRight&quot;}\" data-widget_type=\"text-editor.default\">\n\t\t\t\t\t\t\t\t\t<h2 data-path-to-node=\"4\"><b data-path-to-node=\"4\" data-index-in-node=\"0\">Petek Temizli\u011fi Nas\u0131l Yap\u0131l\u0131r? Uygulama Ad\u0131mlar\u0131m\u0131z<\/b><\/h2>\n<p data-path-to-node=\"5\">S\u0131radan bir su bo\u015faltma i\u015fleminin aksine, biz profesyonel bir <b data-path-to-node=\"5\" data-index-in-node=\"62\">tesisat temizli\u011fi<\/b> protokol\u00fc uyguluyoruz. S\u00fcrecimiz \u015fu ad\u0131mlar\u0131 kapsamaktad\u0131r:<\/p>\n<ul data-path-to-node=\"6\">\n<li>\n<p data-path-to-node=\"6,0,0\"><b data-path-to-node=\"6,0,0\" data-index-in-node=\"0\">Makine Ba\u011flant\u0131s\u0131:<\/b> Kombi alt\u0131ndan veya banyodaki havlupandan \u00f6zel y\u0131kama cihaz\u0131m\u0131z\u0131 sisteme entegre ediyoruz.<\/p>\n<\/li>\n<li>\n<p data-path-to-node=\"6,1,0\"><b data-path-to-node=\"6,1,0\" data-index-in-node=\"0\">Kimyasal \u0130la\u00e7l\u0131 Y\u0131kama:<\/b> Tesisata zarar vermeyen, kire\u00e7 ve \u00e7amur \u00e7\u00f6z\u00fcc\u00fc \u00f6zel sol\u00fcsyonlar kullanarak t\u00fcm petekleri tek tek y\u0131k\u0131yoruz.<\/p>\n<\/li>\n<li>\n<p data-path-to-node=\"6,2,0\"><b data-path-to-node=\"6,2,0\" data-index-in-node=\"0\">Durulama ve Ar\u0131nd\u0131rma:<\/b> \u00c7\u00f6z\u00fclen t\u00fcm pislikler sistemden tamamen tahliye edilene kadar temiz suyla durulama yap\u0131yoruz.<\/p>\n<\/li>\n<li>\n<p data-path-to-node=\"6,3,0\"><b data-path-to-node=\"6,3,0\" data-index-in-node=\"0\">Koruyucu S\u0131v\u0131 Takviyesi:<\/b> Temizlik sonras\u0131 tesisat\u0131n i\u00e7inde kire\u00e7lenmeyi geciktiren koruyucu ila\u00e7lar ekleyerek uzun s\u00fcreli verim sa\u011fl\u0131yoruz.<\/p>\n<\/li>\n<\/ul>\t\t\t\t\t\t\t\t<\/div>\n\t\t\t\t\t<\/div>\n\t\t<\/div>\n\t\t\t\t\t<\/div>\n\t\t<\/section>\n\t\t\t\t<section data-particle_enable=\"false\" data-particle-mobile-disabled=\"false\" class=\"elementor-section elementor-top-section elementor-element elementor-element-7abe005 elementor-section-content-middle elementor-section-boxed elementor-section-height-default elementor-section-height-default\" data-id=\"7abe005\" data-element_type=\"section\" data-e-type=\"section\" data-settings=\"{&quot;background_background&quot;:&quot;classic&quot;}\">\n\t\t\t\t\t\t<div class=\"elementor-container elementor-column-gap-default\">\n\t\t\t\t\t<div class=\"elementor-column elementor-col-100 elementor-top-column elementor-element elementor-element-cb3e32c\" data-id=\"cb3e32c\" data-element_type=\"column\" data-e-type=\"column\">\n\t\t\t<div class=\"elementor-widget-wrap elementor-element-populated\">\n\t\t\t\t\t\t<div class=\"elementor-element elementor-element-237141a elementor-invisible elementor-widget elementor-widget-text-editor\" data-id=\"237141a\" data-element_type=\"widget\" data-e-type=\"widget\" data-settings=\"{&quot;_animation&quot;:&quot;fadeInRight&quot;}\" data-widget_type=\"text-editor.default\">\n\t\t\t\t\t\t\t\t\t<h2 data-path-to-node=\"7\"><b data-path-to-node=\"7\" data-index-in-node=\"0\">Petek Temizletmenin Faydalar\u0131 ve Tasarruf \u0130li\u015fkisi<\/b><\/h2>\n<p data-path-to-node=\"8\">D\u00fczenli aral\u0131klarla yap\u0131lan <b data-path-to-node=\"8\" data-index-in-node=\"28\">radyat\u00f6r temizli\u011fi<\/b>, sadece \u0131s\u0131nma kalitenizi art\u0131rmakla kalmaz, ayn\u0131 zamanda b\u00fct\u00e7enizi de korur. Temiz bir tesisatta su daha h\u0131zl\u0131 devirdaim yapt\u0131\u011f\u0131 i\u00e7in kombi hedef s\u0131cakl\u0131\u011fa daha kolay ula\u015f\u0131r. Bu durum;<\/p>\n<ol start=\"1\" data-path-to-node=\"9\">\n<li>\n<p data-path-to-node=\"9,0,0\"><b data-path-to-node=\"9,0,0\" data-index-in-node=\"0\">Do\u011fal Gaz Tasarrufu:<\/b> Yak\u0131t t\u00fcketiminde %15 ile %25 aras\u0131nda hissedilir bir d\u00fc\u015f\u00fc\u015f sa\u011flar.<\/p>\n<\/li>\n<li>\n<p data-path-to-node=\"9,1,0\"><b data-path-to-node=\"9,1,0\" data-index-in-node=\"0\">Kombi \u00d6mr\u00fcn\u00fcn Uzamas\u0131:<\/b> Cihaz\u0131n devirdaim pompas\u0131 zorlanmadan \u00e7al\u0131\u015f\u0131r, b\u00f6ylece <b data-path-to-node=\"9,1,0\" data-index-in-node=\"78\">kombi ar\u0131za<\/b> riskleri azal\u0131r.<\/p>\n<\/li>\n<li>\n<p data-path-to-node=\"9,2,0\"><b data-path-to-node=\"9,2,0\" data-index-in-node=\"0\">H\u0131zl\u0131 Is\u0131nma:<\/b> Peteklerin alt k\u0131s\u0131mlar\u0131n\u0131n so\u011fuk kalmas\u0131 sorunu tamamen ortadan kalkar.<\/p>\n<\/li>\n<\/ol>\n<h2 data-path-to-node=\"10\"><b data-path-to-node=\"10\" data-index-in-node=\"0\">Neden Uzmanlar Teknik Servis&#8217;i Se\u00e7melisiniz?<\/b><\/h2>\n<p data-path-to-node=\"11\">Petek temizli\u011fi, evinizi kirletmeden ve tesisat\u0131n\u0131za zarar vermeden yap\u0131lmas\u0131 gereken teknik bir i\u015ftir. Ekibimiz, i\u015flem s\u0131ras\u0131nda hi\u00e7bir yeri s\u00f6k\u00fcp takmadan, evinizin temizli\u011fini koruyarak profesyonel ekipmanlarla hizmet verir. <b data-path-to-node=\"11\" data-index-in-node=\"228\">Ekonomik petek temizli\u011fi fiyatlar\u0131<\/b> ve garantili i\u015f\u00e7ili\u011fimizle, k\u0131\u015f\u0131 daha s\u0131cak ve daha az fatura \u00f6deyerek ge\u00e7irmeniz i\u00e7in sadece bir telefon uza\u011f\u0131n\u0131zday\u0131z.<\/p>\t\t\t\t\t\t\t\t<\/div>\n\t\t\t\t\t<\/div>\n\t\t<\/div>\n\t\t\t\t\t<\/div>\n\t\t<\/section>\n\t\t\t\t<\/div>\n\t\t","protected":false},"excerpt":{"rendered":"<p>Petek Temizli\u011fi Is\u0131nma Performans\u0131n\u0131 Art\u0131ran Profesyonel Petek Temizli\u011fi K\u0131\u015f aylar\u0131nda kombiniz y\u00fcksek derecede \u00e7al\u0131\u015fmas\u0131na ra\u011fmen eviniz yeterince \u0131s\u0131nm\u0131yorsa, bunun temel nedeni radyat\u00f6rler i\u00e7erisinde biriken tortulard\u0131r. Zamanla tesisat i\u00e7erisinde olu\u015fan \u00e7amur, kire\u00e7 ve pas tabakas\u0131, s\u0131cak suyun petek kanallar\u0131nda rahat\u00e7a dola\u015fmas\u0131n\u0131 engeller. Uzmanlar Teknik Servis olarak, modern y\u0131kama cihazlar\u0131m\u0131zla ger\u00e7ekle\u015ftirdi\u011fimiz petek temizli\u011fi i\u015flemi sayesinde, tesisat\u0131n\u0131zdaki t\u00fcm [&#8230;]\n","protected":false},"author":1,"featured_media":0,"parent":0,"menu_order":0,"comment_status":"closed","ping_status":"closed","template":"","meta":{"footnotes":""},"class_list":["post-121","page","type-page","status-publish","hentry"],"_links":{"self":[{"href":"https:\/\/uzmanlarkombiservisi.com\/index.php?rest_route=\/wp\/v2\/pages\/121","targetHints":{"allow":["GET"]}}],"collection":[{"href":"https:\/\/uzmanlarkombiservisi.com\/index.php?rest_route=\/wp\/v2\/pages"}],"about":[{"href":"https:\/\/uzmanlarkombiservisi.com\/index.php?rest_route=\/wp\/v2\/types\/page"}],"author":[{"embeddable":true,"href":"https:\/\/uzmanlarkombiservisi.com\/index.php?rest_route=\/wp\/v2\/users\/1"}],"replies":[{"embeddable":true,"href":"https:\/\/uzmanlarkombiservisi.com\/index.php?rest_route=%2Fwp%2Fv2%2Fcomments&post=121"}],"version-history":[{"count":7,"href":"https:\/\/uzmanlarkombiservisi.com\/index.php?rest_route=\/wp\/v2\/pages\/121\/revisions"}],"predecessor-version":[{"id":178,"href":"https:\/\/uzmanlarkombiservisi.com\/index.php?rest_route=\/wp\/v2\/pages\/121\/revisions\/178"}],"wp:attachment":[{"href":"https:\/\/uzmanlarkombiservisi.com\/index.php?rest_route=%2Fwp%2Fv2%2Fmedia&parent=121"}],"curies":[{"name":"wp","href":"https:\/\/api.w.org\/{rel}","templated":true}]}}