{"id":123,"date":"2026-03-23T23:00:26","date_gmt":"2026-03-23T20:00:26","guid":{"rendered":"https:\/\/uzmanlarkombiservisi.com\/?page_id=123"},"modified":"2026-03-24T18:34:21","modified_gmt":"2026-03-24T15:34:21","slug":"kombi-ariza","status":"publish","type":"page","link":"https:\/\/uzmanlarkombiservisi.com\/?page_id=123","title":{"rendered":"Kombi Ar\u0131za"},"content":{"rendered":"\t\t<div data-elementor-type=\"wp-page\" data-elementor-id=\"123\" class=\"elementor elementor-123\" data-elementor-post-type=\"page\">\n\t\t\t\t\t\t<section data-particle_enable=\"false\" data-particle-mobile-disabled=\"false\" class=\"elementor-section elementor-top-section elementor-element elementor-element-4a19ed33 elementor-section-content-middle elementor-section-boxed elementor-section-height-default elementor-section-height-default\" data-id=\"4a19ed33\" data-element_type=\"section\" data-e-type=\"section\" data-settings=\"{&quot;background_background&quot;:&quot;classic&quot;}\">\n\t\t\t\t\t\t<div class=\"elementor-container elementor-column-gap-default\">\n\t\t\t\t\t<div class=\"elementor-column elementor-col-50 elementor-top-column elementor-element elementor-element-46f8390a\" data-id=\"46f8390a\" data-element_type=\"column\" data-e-type=\"column\">\n\t\t\t<div class=\"elementor-widget-wrap elementor-element-populated\">\n\t\t\t\t\t\t<div class=\"elementor-element elementor-element-5860d2af elementor-invisible elementor-widget elementor-widget-heading\" data-id=\"5860d2af\" data-element_type=\"widget\" data-e-type=\"widget\" data-settings=\"{&quot;_animation&quot;:&quot;fadeInLeft&quot;}\" data-widget_type=\"heading.default\">\n\t\t\t\t\t<h2 class=\"elementor-heading-title elementor-size-default\">Kombi Ar\u0131za Servisi<\/h2>\t\t\t\t<\/div>\n\t\t\t\t<div class=\"elementor-element elementor-element-49567b52 elementor-widget__width-initial elementor-invisible elementor-widget elementor-widget-text-editor\" data-id=\"49567b52\" data-element_type=\"widget\" data-e-type=\"widget\" data-settings=\"{&quot;_animation&quot;:&quot;fadeInLeft&quot;}\" data-widget_type=\"text-editor.default\">\n\t\t\t\t\t\t\t\t\t<h2 data-path-to-node=\"2\"><b data-path-to-node=\"2\" data-index-in-node=\"0\">H\u0131zl\u0131 ve G\u00fcvenilir Kombi Ar\u0131za Onar\u0131m\u0131<\/b><\/h2>\n<p data-path-to-node=\"3\">K\u0131\u015f aylar\u0131n\u0131n en so\u011fuk g\u00fcnlerinde aniden duran bir cihaz, ev konforunuzu do\u011frudan etkiler. <b data-path-to-node=\"3\" data-index-in-node=\"91\">Kombi ar\u0131za<\/b>\u00a0durumlar\u0131yla kar\u015f\u0131la\u015ft\u0131\u011f\u0131n\u0131zda, sorunun daha b\u00fcy\u00fck maliyetlere yol a\u00e7mamas\u0131 i\u00e7in profesyonel m\u00fcdahale \u015fartt\u0131r. Deneyimli teknik kadromuz, t\u00fcm marka ve model cihazlarda <b data-path-to-node=\"3\" data-index-in-node=\"271\">h\u0131zl\u0131 ar\u0131za tespiti<\/b> yaparak, \u0131s\u0131nma ve s\u0131cak su problemlerinizi ayn\u0131 g\u00fcn i\u00e7inde kal\u0131c\u0131 olarak \u00e7\u00f6z\u00fcme kavu\u015fturur.<\/p>\t\t\t\t\t\t\t\t<\/div>\n\t\t\t\t\t<\/div>\n\t\t<\/div>\n\t\t\t\t<div class=\"elementor-column elementor-col-50 elementor-top-column elementor-element elementor-element-126691b3\" data-id=\"126691b3\" data-element_type=\"column\" data-e-type=\"column\">\n\t\t\t<div class=\"elementor-widget-wrap elementor-element-populated\">\n\t\t\t\t\t\t<div class=\"elementor-element elementor-element-3cfd7fdf elementor-widget__width-initial elementor-absolute elementor-widget elementor-widget-image\" data-id=\"3cfd7fdf\" data-element_type=\"widget\" data-e-type=\"widget\" data-settings=\"{&quot;motion_fx_motion_fx_scrolling&quot;:&quot;yes&quot;,&quot;motion_fx_rotateZ_effect&quot;:&quot;yes&quot;,&quot;_position&quot;:&quot;absolute&quot;,&quot;motion_fx_rotateZ_speed&quot;:{&quot;unit&quot;:&quot;px&quot;,&quot;size&quot;:1,&quot;sizes&quot;:[]},&quot;motion_fx_rotateZ_affectedRange&quot;:{&quot;unit&quot;:&quot;%&quot;,&quot;size&quot;:&quot;&quot;,&quot;sizes&quot;:{&quot;start&quot;:0,&quot;end&quot;:100}},&quot;motion_fx_devices&quot;:[&quot;desktop&quot;,&quot;tablet&quot;,&quot;mobile&quot;]}\" data-widget_type=\"image.default\">\n\t\t\t\t\t\t\t\t\t\t\t\t\t\t\t<img fetchpriority=\"high\" decoding=\"async\" width=\"450\" height=\"450\" src=\"https:\/\/uzmanlarkombiservisi.com\/wp-content\/uploads\/2026\/03\/afe54f18-aervice-bg-1.png\" class=\"attachment-full size-full wp-image-137\" alt=\"\" srcset=\"https:\/\/uzmanlarkombiservisi.com\/wp-content\/uploads\/2026\/03\/afe54f18-aervice-bg-1.png 450w, https:\/\/uzmanlarkombiservisi.com\/wp-content\/uploads\/2026\/03\/afe54f18-aervice-bg-1-300x300.png 300w, https:\/\/uzmanlarkombiservisi.com\/wp-content\/uploads\/2026\/03\/afe54f18-aervice-bg-1-150x150.png 150w\" sizes=\"(max-width: 450px) 100vw, 450px\" \/>\t\t\t\t\t\t\t\t\t\t\t\t\t\t\t<\/div>\n\t\t\t\t<div class=\"elementor-element elementor-element-5e5aae29 elementor-invisible elementor-widget elementor-widget-image\" data-id=\"5e5aae29\" data-element_type=\"widget\" data-e-type=\"widget\" data-settings=\"{&quot;_animation&quot;:&quot;fadeInRight&quot;}\" data-widget_type=\"image.default\">\n\t\t\t\t\t\t\t\t\t\t\t\t\t\t\t<img decoding=\"async\" width=\"1024\" height=\"1040\" src=\"https:\/\/uzmanlarkombiservisi.com\/wp-content\/uploads\/2026\/03\/kombi_servisi.jpg\" class=\"attachment-full size-full wp-image-104\" alt=\"\" srcset=\"https:\/\/uzmanlarkombiservisi.com\/wp-content\/uploads\/2026\/03\/kombi_servisi.jpg 1024w, https:\/\/uzmanlarkombiservisi.com\/wp-content\/uploads\/2026\/03\/kombi_servisi-295x300.jpg 295w, https:\/\/uzmanlarkombiservisi.com\/wp-content\/uploads\/2026\/03\/kombi_servisi-1008x1024.jpg 1008w, https:\/\/uzmanlarkombiservisi.com\/wp-content\/uploads\/2026\/03\/kombi_servisi-768x780.jpg 768w\" sizes=\"(max-width: 1024px) 100vw, 1024px\" \/>\t\t\t\t\t\t\t\t\t\t\t\t\t\t\t<\/div>\n\t\t\t\t\t<\/div>\n\t\t<\/div>\n\t\t\t\t\t<\/div>\n\t\t<\/section>\n\t\t\t\t<section data-particle_enable=\"false\" data-particle-mobile-disabled=\"false\" class=\"elementor-section elementor-top-section elementor-element elementor-element-41d7a7a elementor-section-content-middle elementor-section-boxed elementor-section-height-default elementor-section-height-default\" data-id=\"41d7a7a\" data-element_type=\"section\" data-e-type=\"section\" data-settings=\"{&quot;background_background&quot;:&quot;classic&quot;}\">\n\t\t\t\t\t\t<div class=\"elementor-container elementor-column-gap-default\">\n\t\t\t\t\t<div class=\"elementor-column elementor-col-50 elementor-top-column elementor-element elementor-element-4d9661ce\" data-id=\"4d9661ce\" data-element_type=\"column\" data-e-type=\"column\">\n\t\t\t<div class=\"elementor-widget-wrap elementor-element-populated\">\n\t\t\t\t\t\t<div class=\"elementor-element elementor-element-458994fc elementor-widget__width-initial elementor-absolute elementor-widget elementor-widget-image\" data-id=\"458994fc\" data-element_type=\"widget\" data-e-type=\"widget\" data-settings=\"{&quot;motion_fx_motion_fx_scrolling&quot;:&quot;yes&quot;,&quot;motion_fx_rotateZ_effect&quot;:&quot;yes&quot;,&quot;motion_fx_rotateZ_direction&quot;:&quot;negative&quot;,&quot;_position&quot;:&quot;absolute&quot;,&quot;motion_fx_rotateZ_speed&quot;:{&quot;unit&quot;:&quot;px&quot;,&quot;size&quot;:1,&quot;sizes&quot;:[]},&quot;motion_fx_rotateZ_affectedRange&quot;:{&quot;unit&quot;:&quot;%&quot;,&quot;size&quot;:&quot;&quot;,&quot;sizes&quot;:{&quot;start&quot;:0,&quot;end&quot;:100}},&quot;motion_fx_devices&quot;:[&quot;desktop&quot;,&quot;tablet&quot;,&quot;mobile&quot;]}\" data-widget_type=\"image.default\">\n\t\t\t\t\t\t\t\t\t\t\t\t\t\t\t<img fetchpriority=\"high\" decoding=\"async\" width=\"450\" height=\"450\" src=\"https:\/\/uzmanlarkombiservisi.com\/wp-content\/uploads\/2026\/03\/afe54f18-aervice-bg-1.png\" class=\"attachment-full size-full wp-image-137\" alt=\"\" srcset=\"https:\/\/uzmanlarkombiservisi.com\/wp-content\/uploads\/2026\/03\/afe54f18-aervice-bg-1.png 450w, https:\/\/uzmanlarkombiservisi.com\/wp-content\/uploads\/2026\/03\/afe54f18-aervice-bg-1-300x300.png 300w, https:\/\/uzmanlarkombiservisi.com\/wp-content\/uploads\/2026\/03\/afe54f18-aervice-bg-1-150x150.png 150w\" sizes=\"(max-width: 450px) 100vw, 450px\" \/>\t\t\t\t\t\t\t\t\t\t\t\t\t\t\t<\/div>\n\t\t\t\t<div class=\"elementor-element elementor-element-614de4d7 elementor-invisible elementor-widget elementor-widget-image\" data-id=\"614de4d7\" data-element_type=\"widget\" data-e-type=\"widget\" data-settings=\"{&quot;_animation&quot;:&quot;fadeInLeft&quot;}\" data-widget_type=\"image.default\">\n\t\t\t\t\t\t\t\t\t\t\t\t\t\t\t<img decoding=\"async\" width=\"1024\" height=\"1040\" src=\"https:\/\/uzmanlarkombiservisi.com\/wp-content\/uploads\/2026\/03\/kombi_ariza.jpg\" class=\"attachment-full size-full wp-image-105\" alt=\"\" srcset=\"https:\/\/uzmanlarkombiservisi.com\/wp-content\/uploads\/2026\/03\/kombi_ariza.jpg 1024w, https:\/\/uzmanlarkombiservisi.com\/wp-content\/uploads\/2026\/03\/kombi_ariza-295x300.jpg 295w, https:\/\/uzmanlarkombiservisi.com\/wp-content\/uploads\/2026\/03\/kombi_ariza-1008x1024.jpg 1008w, https:\/\/uzmanlarkombiservisi.com\/wp-content\/uploads\/2026\/03\/kombi_ariza-768x780.jpg 768w\" sizes=\"(max-width: 1024px) 100vw, 1024px\" \/>\t\t\t\t\t\t\t\t\t\t\t\t\t\t\t<\/div>\n\t\t\t\t\t<\/div>\n\t\t<\/div>\n\t\t\t\t<div class=\"elementor-column elementor-col-50 elementor-top-column elementor-element elementor-element-6a14b883\" data-id=\"6a14b883\" data-element_type=\"column\" data-e-type=\"column\">\n\t\t\t<div class=\"elementor-widget-wrap elementor-element-populated\">\n\t\t\t\t\t\t<div class=\"elementor-element elementor-element-3e1e22c5 elementor-invisible elementor-widget elementor-widget-text-editor\" data-id=\"3e1e22c5\" data-element_type=\"widget\" data-e-type=\"widget\" data-settings=\"{&quot;_animation&quot;:&quot;fadeInRight&quot;}\" data-widget_type=\"text-editor.default\">\n\t\t\t\t\t\t\t\t\t<h2 data-path-to-node=\"4\"><b data-path-to-node=\"4\" data-index-in-node=\"0\">S\u0131k Kar\u015f\u0131la\u015f\u0131lan Kombi Ar\u0131za Kodlar\u0131 ve \u00c7\u00f6z\u00fcmleri<\/b><\/h2>\n<p data-path-to-node=\"5\">Cihaz\u0131n\u0131z\u0131n dijital ekran\u0131nda beliren <b data-path-to-node=\"5\" data-index-in-node=\"38\">kombi hata kodlar\u0131<\/b>, sistemdeki aksakl\u0131\u011f\u0131n kayna\u011f\u0131n\u0131 g\u00f6steren birer haberci niteli\u011findedir. D\u00fc\u015f\u00fck su bas\u0131nc\u0131, ate\u015fleme ba\u015far\u0131s\u0131zl\u0131\u011f\u0131 veya sens\u00f6r hatalar\u0131 gibi durumlarda uzman deste\u011fi alman\u0131z cihaz\u0131n g\u00fcvenli\u011fi i\u00e7in kritiktir. <b data-path-to-node=\"5\" data-index-in-node=\"263\">Uzmanlar Kombi Servisi<\/b> olarak, teknolojik ekipmanlar\u0131m\u0131zla noktasal tespitler yaparak deneme-yan\u0131lma yoluyla de\u011fil, kesin sonu\u00e7 odakl\u0131 <b data-path-to-node=\"5\" data-index-in-node=\"398\">kombi tamiri<\/b> hizmeti sunuyoruz.<\/p>\t\t\t\t\t\t\t\t<\/div>\n\t\t\t\t\t<\/div>\n\t\t<\/div>\n\t\t\t\t\t<\/div>\n\t\t<\/section>\n\t\t\t\t<section data-particle_enable=\"false\" data-particle-mobile-disabled=\"false\" class=\"elementor-section elementor-top-section elementor-element elementor-element-aef2d1a elementor-section-content-middle elementor-section-boxed elementor-section-height-default elementor-section-height-default\" data-id=\"aef2d1a\" data-element_type=\"section\" data-e-type=\"section\" data-settings=\"{&quot;background_background&quot;:&quot;classic&quot;}\">\n\t\t\t\t\t\t<div class=\"elementor-container elementor-column-gap-default\">\n\t\t\t\t\t<div class=\"elementor-column elementor-col-100 elementor-top-column elementor-element elementor-element-d6deb1d\" data-id=\"d6deb1d\" data-element_type=\"column\" data-e-type=\"column\">\n\t\t\t<div class=\"elementor-widget-wrap elementor-element-populated\">\n\t\t\t\t\t\t<div class=\"elementor-element elementor-element-8fb1ce1 elementor-invisible elementor-widget elementor-widget-text-editor\" data-id=\"8fb1ce1\" data-element_type=\"widget\" data-e-type=\"widget\" data-settings=\"{&quot;_animation&quot;:&quot;fadeInRight&quot;}\" data-widget_type=\"text-editor.default\">\n\t\t\t\t\t\t\t\t\t<h2 data-path-to-node=\"6\"><b data-path-to-node=\"6\" data-index-in-node=\"0\">Garantili Yedek Par\u00e7a ve Profesyonel \u0130\u015f\u00e7ilik<\/b><\/h2>\n<p data-path-to-node=\"7\">Onar\u0131m s\u00fcrecinde en \u00f6nemli kriter, kullan\u0131lan par\u00e7alar\u0131n kalitesidir. Servisimiz b\u00fcnyesinde ger\u00e7ekle\u015ftirilen t\u00fcm i\u015flemlerde <b data-path-to-node=\"7\" data-index-in-node=\"124\">orijinal yedek par\u00e7a<\/b> kullan\u0131m\u0131 \u00f6nceli\u011fimizdir. De\u011fi\u015fimi yap\u0131lan par\u00e7alar ve sundu\u011fumuz teknik i\u015f\u00e7ilik, servisimiz taraf\u0131ndan <b data-path-to-node=\"7\" data-index-in-node=\"249\">1 y\u0131l garantili<\/b> olarak sunulmaktad\u0131r. Bu sayede, hem cihaz\u0131n\u0131z\u0131n kullan\u0131m \u00f6mr\u00fcn\u00fc uzat\u0131yor hem de gelecekte olu\u015fabilecek benzer sorunlar\u0131n \u00f6n\u00fcne ge\u00e7iyoruz.<\/p>\t\t\t\t\t\t\t\t<\/div>\n\t\t\t\t<div class=\"elementor-element elementor-element-a41c482 elementor-invisible elementor-widget elementor-widget-text-editor\" data-id=\"a41c482\" data-element_type=\"widget\" data-e-type=\"widget\" data-settings=\"{&quot;_animation&quot;:&quot;fadeInRight&quot;}\" data-widget_type=\"text-editor.default\">\n\t\t\t\t\t\t\t\t\t<h2 data-path-to-node=\"8\"><b data-path-to-node=\"8\" data-index-in-node=\"0\">Neden Uzmanlar Teknik Servisi Tercih Etmelisiniz?<\/b><\/h2>\n<p data-path-to-node=\"9\">M\u00fc\u015fteri memnuniyeti odakl\u0131 \u00e7al\u0131\u015fma prensibimizle, <b data-path-to-node=\"9\" data-index-in-node=\"50\">kombi servisi<\/b> ihtiya\u00e7lar\u0131n\u0131zda \u015feffaf ve d\u00fcr\u00fcst hizmet anlay\u0131\u015f\u0131n\u0131 benimsiyoruz. \u0130\u015fte bizi tercih etmeniz i\u00e7in 4 temel sebep:<\/p>\n<ul data-path-to-node=\"10\">\n<li>\n<p data-path-to-node=\"10,0,0\"><b data-path-to-node=\"10,0,0\" data-index-in-node=\"0\">Ayn\u0131 G\u00fcn Servis:<\/b> Ar\u0131za bildirimlerinize birka\u00e7 saat i\u00e7inde yerinde m\u00fcdahale.<\/p>\n<\/li>\n<li>\n<p data-path-to-node=\"10,1,0\"><b data-path-to-node=\"10,1,0\" data-index-in-node=\"0\">Ekonomik Fiyatland\u0131rma:<\/b> S\u00fcrpriz ek \u00fccret i\u00e7ermeyen, \u015feffaf maliyet tablosu.<\/p>\n<\/li>\n<li>\n<p data-path-to-node=\"10,2,0\"><b data-path-to-node=\"10,2,0\" data-index-in-node=\"0\">Sertifikal\u0131 Uzmanlar:<\/b> Alan\u0131nda e\u011fitimli ve g\u00fcncel teknolojiye hakim teknik ekip.<\/p>\n<\/li>\n<li>\n<p data-path-to-node=\"10,3,0\"><b data-path-to-node=\"10,3,0\" data-index-in-node=\"0\">7\/24 Kesintisiz Destek:<\/b> Acil ar\u0131za durumlar\u0131n\u0131zda her an ula\u015f\u0131labilir ileti\u015fim hatt\u0131.<\/p>\n<\/li>\n<\/ul>\t\t\t\t\t\t\t\t<\/div>\n\t\t\t\t\t<\/div>\n\t\t<\/div>\n\t\t\t\t\t<\/div>\n\t\t<\/section>\n\t\t\t\t<\/div>\n\t\t","protected":false},"excerpt":{"rendered":"<p>Kombi Ar\u0131za Servisi H\u0131zl\u0131 ve G\u00fcvenilir Kombi Ar\u0131za Onar\u0131m\u0131 K\u0131\u015f aylar\u0131n\u0131n en so\u011fuk g\u00fcnlerinde aniden duran bir cihaz, ev konforunuzu do\u011frudan etkiler. Kombi ar\u0131za\u00a0durumlar\u0131yla kar\u015f\u0131la\u015ft\u0131\u011f\u0131n\u0131zda, sorunun daha b\u00fcy\u00fck maliyetlere yol a\u00e7mamas\u0131 i\u00e7in profesyonel m\u00fcdahale \u015fartt\u0131r. Deneyimli teknik kadromuz, t\u00fcm marka ve model cihazlarda h\u0131zl\u0131 ar\u0131za tespiti yaparak, \u0131s\u0131nma ve s\u0131cak su problemlerinizi ayn\u0131 g\u00fcn i\u00e7inde [&#8230;]\n","protected":false},"author":1,"featured_media":0,"parent":0,"menu_order":0,"comment_status":"closed","ping_status":"closed","template":"elementor_header_footer","meta":{"footnotes":""},"class_list":["post-123","page","type-page","status-publish","hentry"],"_links":{"self":[{"href":"https:\/\/uzmanlarkombiservisi.com\/index.php?rest_route=\/wp\/v2\/pages\/123","targetHints":{"allow":["GET"]}}],"collection":[{"href":"https:\/\/uzmanlarkombiservisi.com\/index.php?rest_route=\/wp\/v2\/pages"}],"about":[{"href":"https:\/\/uzmanlarkombiservisi.com\/index.php?rest_route=\/wp\/v2\/types\/page"}],"author":[{"embeddable":true,"href":"https:\/\/uzmanlarkombiservisi.com\/index.php?rest_route=\/wp\/v2\/users\/1"}],"replies":[{"embeddable":true,"href":"https:\/\/uzmanlarkombiservisi.com\/index.php?rest_route=%2Fwp%2Fv2%2Fcomments&post=123"}],"version-history":[{"count":7,"href":"https:\/\/uzmanlarkombiservisi.com\/index.php?rest_route=\/wp\/v2\/pages\/123\/revisions"}],"predecessor-version":[{"id":153,"href":"https:\/\/uzmanlarkombiservisi.com\/index.php?rest_route=\/wp\/v2\/pages\/123\/revisions\/153"}],"wp:attachment":[{"href":"https:\/\/uzmanlarkombiservisi.com\/index.php?rest_route=%2Fwp%2Fv2%2Fmedia&parent=123"}],"curies":[{"name":"wp","href":"https:\/\/api.w.org\/{rel}","templated":true}]}}